{"id":220,"date":"2022-04-26T15:10:23","date_gmt":"2022-04-26T15:10:23","guid":{"rendered":"http:\/\/colegiokennedy.edu.ar\/main\/?page_id=220"},"modified":"2023-03-16T02:13:48","modified_gmt":"2023-03-16T02:13:48","slug":"sobre-nosotros","status":"publish","type":"page","link":"https:\/\/colegiokennedy.edu.ar\/inicio\/sobre-nosotros\/","title":{"rendered":"Sobre Nosotros"},"content":{"rendered":"<p>[et_pb_section fb_built=\u00bb1&#8243; _builder_version=\u00bb4.15.1&#8243; background_enable_image=\u00bboff\u00bb background_size=\u00bbcontain\u00bb max_width=\u00bb1360px\u00bb module_alignment=\u00bbcenter\u00bb height=\u00bb450px\u00bb custom_margin=\u00bb||||false|false\u00bb custom_padding=\u00bb0%|0px|0px|0px|false|false\u00bb][et_pb_row custom_padding=\u00bb||||false|false\u00bb custom_margin=\u00bb||||false|false\u00bb _builder_version=\u00bb4.15.1&#8243; background_enable_image=\u00bboff\u00bb background_size=\u00bbcontain\u00bb background_position=\u00bbbottom_center\u00bb max_height=\u00bb584px\u00bb][et_pb_column type=\u00bb1_3&#8243; _builder_version=\u00bb4.15.1&#8243;][et_pb_image src=\u00bbhttp:\/\/colegiokennedy.edu.ar\/wp-content\/uploads\/2023\/03\/logo-30-anos-2.jpg\u00bb _builder_version=\u00bb3.24.1&#8243;][\/et_pb_image][\/et_pb_column][et_pb_column type=\u00bb1_3&#8243; _builder_version=\u00bb4.15.1&#8243;][\/et_pb_column][et_pb_column type=\u00bb1_3&#8243; _builder_version=\u00bb4.15&#8243; custom_padding__hover=\u00bb|||\u00bb][et_pb_divider divider_weight=\u00bb2px\u00bb _builder_version=\u00bb4.15&#8243; width=\u00bb9%\u00bb custom_margin=\u00bb-15px||5px\u00bb][\/et_pb_divider][et_pb_text disabled_on=\u00bbon|on|off\u00bb _builder_version=\u00bb4.15.1&#8243; text_font=\u00bb||||||||\u00bb text_font_size=\u00bb10px\u00bb text_line_height=\u00bb2.1em\u00bb header_font_size=\u00bb16px\u00bb border_radii=\u00bbon|10px|10px|10px|10px\u00bb border_color_all=\u00bb#011b9b\u00bb border_width_left=\u00bb4px\u00bb box_shadow_style=\u00bbpreset3&#8243; width=\u00bb100%\u00bb max_width=\u00bb100%\u00bb module_alignment=\u00bbright\u00bb custom_margin=\u00bb|||-115px||\u00bb custom_padding=\u00bb|17px|7px|17px|false|false\u00bb]<\/p>\n<p style=\"text-align: justify;\"><span style=\"font-size: large;\"><strong><span style=\"color: #333333;\">Misi\u00f3n<\/span><\/strong><\/span><\/p>\n<p style=\"text-align: justify;\"><em style=\"font-size: 12px; text-align: justify;\">\u00a0 \u00a0 \u00a0 \u00a0 \u00a0 \u00a0 \u00a0El Colegio Privado John Kennedy es una instituci\u00f3n educativa con orientaci\u00f3n deportiva que pretende garantizar en sus alumnos el desarrollo integral (emocional, cognitivo y social) que contribuya con la formaci\u00f3n de ciudadanos responsables y desde all\u00ed lograr una sociedad m\u00e1s justa y equitativa para todos, democr\u00e1tica \u2013 Participativa \u2013 Solidaria \u2013Respetuosa con convicciones s\u00f3lidas para lograr su objetivo.<\/em><\/p>\n<p style=\"text-align: justify;\">[\/et_pb_text][et_pb_text disabled_on=\u00bboff|off|on\u00bb _builder_version=\u00bb4.15.1&#8243; text_font=\u00bb||||||||\u00bb text_font_size=\u00bb10px\u00bb text_line_height=\u00bb2.1em\u00bb header_font_size=\u00bb16px\u00bb border_radii=\u00bbon|10px|10px|10px|10px\u00bb border_color_all=\u00bb#011b9b\u00bb border_width_left=\u00bb4px\u00bb box_shadow_style=\u00bbpreset3&#8243; width=\u00bb100%\u00bb max_width=\u00bb100%\u00bb module_alignment=\u00bbcenter\u00bb custom_margin=\u00bb|||-115px||\u00bb custom_padding=\u00bb|17px|7px|17px|false|false\u00bb]<\/p>\n<p style=\"text-align: justify;\"><span style=\"font-size: large;\"><strong><span style=\"color: #333333;\">Misi\u00f3n<\/span><\/strong><\/span><\/p>\n<p style=\"text-align: justify;\"><em style=\"font-size: 12px; text-align: justify;\">\u00a0 \u00a0 \u00a0 \u00a0 \u00a0 \u00a0 \u00a0El Colegio Privado John Kennedy es una instituci\u00f3n educativa con orientaci\u00f3n deportiva que pretende garantizar en sus alumnos el desarrollo integral (emocional, cognitivo y social) que contribuya con la formaci\u00f3n de ciudadanos responsables y desde all\u00ed lograr una sociedad m\u00e1s justa y equitativa para todos, democr\u00e1tica \u2013 Participativa \u2013 Solidaria \u2013Respetuosa con convicciones s\u00f3lidas para lograr su objetivo.<\/em><\/p>\n<p style=\"text-align: justify;\">[\/et_pb_text][et_pb_text disabled_on=\u00bboff|on|on\u00bb _builder_version=\u00bb4.15.1&#8243; text_line_height=\u00bb2.3em\u00bb border_radii=\u00bbon|7px|7px|7px|7px\u00bb border_color_all=\u00bb#011b9b\u00bb border_width_left=\u00bb4px\u00bb box_shadow_style=\u00bbpreset3&#8243; custom_margin=\u00bb|0px|||false|false\u00bb custom_padding=\u00bb|17px|7px|17px|false|false\u00bb]<\/p>\n<p><span style=\"font-size: large;\"><strong>Visi\u00f3n<\/strong><\/span><\/p>\n<p style=\"text-align: justify;\"><em>\u00a0 \u00a0 \u00a0 \u00a0 \u00a0 \u00a0 \u00a0Una sociedad de verdad m\u00e1s justa y equitativa donde todas las personas puedan desarrollar plenamente sus capacidades con actitudes responsables conociendo sus deberes y derechos, cumpliendo con ellos, capaces de aprender a aprender para formarse y transformarse continuamente<strong>.<\/strong><\/em><\/p>\n<p>[\/et_pb_text][\/et_pb_column][\/et_pb_row][\/et_pb_section][et_pb_section fb_built=\u00bb1&#8243; _builder_version=\u00bb4.15&#8243;][et_pb_row custom_margin=\u00bb-300px||||false|false\u00bb _builder_version=\u00bb4.15.1&#8243; max_height=\u00bb329px\u00bb][et_pb_column type=\u00bb4_4&#8243; _builder_version=\u00bb4.15.1&#8243;][\/et_pb_column][\/et_pb_row][et_pb_row _builder_version=\u00bb4.15.1&#8243;][et_pb_column type=\u00bb4_4&#8243; _builder_version=\u00bb4.15.1&#8243;][et_pb_text disabled_on=\u00bbon|on|off\u00bb _builder_version=\u00bb4.15.1&#8243; text_line_height=\u00bb2.3em\u00bb border_radii=\u00bbon|7px|7px|7px|7px\u00bb border_color_all=\u00bb#011b9b\u00bb border_width_left=\u00bb4px\u00bb box_shadow_style=\u00bbpreset3&#8243; width=\u00bb84%\u00bb module_alignment=\u00bbright\u00bb custom_margin=\u00bb-38px|0px|||false|false\u00bb custom_padding=\u00bb|17px|7px|17px|false|false\u00bb]<\/p>\n<p><span style=\"font-size: large;\"><strong>Visi\u00f3n<\/strong><\/span><\/p>\n<p style=\"text-align: justify;\"><em>\u00a0 \u00a0 \u00a0 \u00a0 \u00a0 \u00a0 \u00a0Una sociedad de verdad m\u00e1s justa y equitativa donde todas las personas puedan desarrollar plenamente sus capacidades con actitudes responsables conociendo sus deberes y derechos, cumpliendo con ellos, capaces de aprender a aprender para formarse y transformarse continuamente<strong>.<\/strong><\/em><\/p>\n<p>[\/et_pb_text][\/et_pb_column][\/et_pb_row][et_pb_row _builder_version=\u00bb4.15.1&#8243;][et_pb_column type=\u00bb3_5&#8243; _builder_version=\u00bb4.15.1&#8243;][et_pb_text _builder_version=\u00bb4.15.1&#8243; border_radii=\u00bbon|10px|10px|10px|10px\u00bb border_width_left=\u00bb5px\u00bb border_color_left=\u00bb#011577&#8243; box_shadow_style=\u00bbpreset3&#8243; width=\u00bb100%\u00bb custom_padding=\u00bb10px|17px|10px|17px|false|false\u00bb]<\/p>\n<p style=\"text-align: justify;\">\u00a0 \u00a0 \u00a0 A la luz de un proceso de cambio caracterizado por grandes transformaciones en los modelos pol\u00edticos, econ\u00f3micos, culturales y por supuesto educativos, en el a\u00f1o 1993, abre sus puertas\u00a0 a la comunidad correntina el COLEGIO PRIVADO JOHN KENNEDY.<\/p>\n<p style=\"text-align: justify;\">\u00a0 \u00a0 \u00a0\u201cDemocracia \u2013\u00a0 Participaci\u00f3n \u2013\u00a0 Solidaridad \u2013\u00a0 Respeto \u2013 Sabidur\u00eda &#8211; Formaci\u00f3n de valores cristianos &#8211; Respeto a las diferencias raciales y de credo\u201d, fueron ideales que marcaron la figura del Presidente de los Estados Unidos de Am\u00e9rica,\u00a0 y que constituyen los pilares\u00a0 de la Pol\u00edtica Educativa de la Instituci\u00f3n.<\/p>\n<p style=\"text-align: justify;\">\u00a0 \u00a0 \u00a0 \u00a0PORQUE LA EDUCACI\u00d3N ES LO M\u00c1S IMPORTANTE, nos convoca a reforzar las competencias requeridas para el desempe\u00f1o exitoso en el mundo del trabajo, coincidentes con la formaci\u00f3n de \u201cciudadanos responsables\u201d.<\/p>\n<p style=\"text-align: justify;\">\u00a0 \u00a0 \u00a0 El compromiso de propender al fomento de un cambio estructural de la educaci\u00f3n, bas\u00e1ndose para ello en la excelencia del funcionamiento de todos nuestros niveles educativos para la formaci\u00f3n de estudiantes especializados y profesionales aptos para las exigencias de la vida actual, sigue vigente desde los inicios.<\/p>\n<p style=\"text-align: justify;\">\u00a0 \u00a0 \u00a0 El Colegio Privado John Kennedy\u00a0 posee un proyecto educativo-institucional que tiene por objetivo lograr una educaci\u00f3n integral y de calidad, promover en cada estudiante la capacidad de definir su proyecto de vida basado en los valores de Paz, Libertad, Solidaridad, Igualdad, Respeto a la Diversidad, Justicia, Responsabilidad y Bien Com\u00fan.<\/p>\n<p style=\"text-align: justify;\">\u00a0 \u00a0 \u00a0 \u00a0El Colegio desarrolla las actividades en un predio propio ubicado en el barrio Molina Punta de la ciudad de Corrientes. La construcci\u00f3n es confortable con instalaciones luminosas, seguras, con amplios espacios verdes, piscina y campo deportivo propio, que permiten una variada pr\u00e1ctica deportiva y sana recreaci\u00f3n.<\/p>\n<p>[\/et_pb_text][\/et_pb_column][et_pb_column type=\u00bb2_5&#8243; _builder_version=\u00bb4.15.1&#8243;][et_pb_image src=\u00bbhttp:\/\/colegiokennedy.edu.ar\/wp-content\/uploads\/2023\/03\/pileta_bis-scaled-1.jpg\u00bb _builder_version=\u00bb3.24.1&#8243; border_radii=\u00bbon|10px|10px|10px|10px\u00bb border_color_all=\u00bb#011577&#8243; box_shadow_style=\u00bbpreset1&#8243; box_shadow_color=\u00bb#707070&#8243; width=\u00bb100%\u00bb module_alignment=\u00bbright\u00bb height=\u00bb239px\u00bb custom_padding=\u00bb35px||||false|false\u00bb][\/et_pb_image][et_pb_image src=\u00bbhttp:\/\/colegiokennedy.edu.ar\/wp-content\/uploads\/2023\/03\/kenedy-5.jpg\u00bb _builder_version=\u00bb3.24.1&#8243; border_radii=\u00bbon|10px|10px|10px|10px\u00bb box_shadow_style=\u00bbpreset1&#8243; width=\u00bb100%\u00bb module_alignment=\u00bbright\u00bb height=\u00bb270px\u00bb max_height=\u00bb575px\u00bb custom_margin=\u00bb1px||||false|false\u00bb custom_padding=\u00bb21px||||false|false\u00bb][\/et_pb_image][et_pb_image src=\u00bbhttp:\/\/colegiokennedy.edu.ar\/wp-content\/uploads\/2023\/03\/multijuegos-scaled-1.jpg\u00bb _builder_version=\u00bb3.24.1&#8243; border_radii=\u00bbon|10px|10px|10px|10px\u00bb box_shadow_style=\u00bbpreset1&#8243; width=\u00bb100%\u00bb module_alignment=\u00bbright\u00bb height=\u00bb270px\u00bb max_height=\u00bb575px\u00bb custom_margin=\u00bb1px||||false|false\u00bb custom_padding=\u00bb21px||||false|false\u00bb][\/et_pb_image][\/et_pb_column][\/et_pb_row][et_pb_row _builder_version=\u00bb4.15.1&#8243;][et_pb_column type=\u00bb1_3&#8243; _builder_version=\u00bb4.15.1&#8243;][et_pb_image src=\u00bbhttp:\/\/colegiokennedy.edu.ar\/main\/wp-content\/uploads\/2022\/04\/kenedy-3.jpg\u00bb title_text=\u00bbkenedy 3&#8243; _builder_version=\u00bb4.15.1&#8243; border_radii=\u00bbon|10px|10px|10px|10px\u00bb box_shadow_style=\u00bbpreset1&#8243; width=\u00bb100%\u00bb][\/et_pb_image][\/et_pb_column][et_pb_column type=\u00bb1_3&#8243; _builder_version=\u00bb4.15.1&#8243;][et_pb_image src=\u00bbhttp:\/\/colegiokennedy.edu.ar\/main\/wp-content\/uploads\/2022\/04\/multijuegos-scaled.jpg\u00bb title_text=\u00bbmultijuegos\u00bb align=\u00bbcenter\u00bb _builder_version=\u00bb4.15.1&#8243; border_radii=\u00bbon|10px|10px|10px|10px\u00bb box_shadow_style=\u00bbpreset1&#8243; width=\u00bb100%\u00bb module_alignment=\u00bbright\u00bb][\/et_pb_image][\/et_pb_column][et_pb_column type=\u00bb1_3&#8243; _builder_version=\u00bb4.15.1&#8243;][et_pb_image src=\u00bbhttp:\/\/colegiokennedy.edu.ar\/main\/wp-content\/uploads\/2022\/04\/pileta_bis-scaled.jpg\u00bb _builder_version=\u00bb4.15.1&#8243; border_radii=\u00bbon|10px|10px|10px|10px\u00bb box_shadow_style=\u00bbpreset1&#8243; width=\u00bb100%\u00bb module_alignment=\u00bbright\u00bb height=\u00bb238px\u00bb custom_margin=\u00bb|||-104px||\u00bb][\/et_pb_image][\/et_pb_column][\/et_pb_row][\/et_pb_section]<\/p>\n","protected":false},"excerpt":{"rendered":"<p>[et_pb_section fb_built=\u00bb1&#8243; _builder_version=\u00bb4.15.1&#8243; background_enable_image=\u00bboff\u00bb background_size=\u00bbcontain\u00bb max_width=\u00bb1360px\u00bb module_alignment=\u00bbcenter\u00bb height=\u00bb450px\u00bb custom_margin=\u00bb||||false|false\u00bb custom_padding=\u00bb0%|0px|0px|0px|false|false\u00bb][et_pb_row custom_padding=\u00bb||||false|false\u00bb custom_margin=\u00bb||||false|false\u00bb _builder_version=\u00bb4.15.1&#8243; background_enable_image=\u00bboff\u00bb background_size=\u00bbcontain\u00bb background_position=\u00bbbottom_center\u00bb max_height=\u00bb584px\u00bb][et_pb_column type=\u00bb1_3&#8243; _builder_version=\u00bb4.15.1&#8243;][et_pb_image src=\u00bbhttp:\/\/colegiokennedy.edu.ar\/wp-content\/uploads\/2023\/03\/logo-30-anos-2.jpg\u00bb _builder_version=\u00bb3.24.1&#8243;][\/et_pb_image][\/et_pb_column][et_pb_column type=\u00bb1_3&#8243; _builder_version=\u00bb4.15.1&#8243;][\/et_pb_column][et_pb_column type=\u00bb1_3&#8243; _builder_version=\u00bb4.15&#8243; custom_padding__hover=\u00bb|||\u00bb][et_pb_divider divider_weight=\u00bb2px\u00bb _builder_version=\u00bb4.15&#8243; width=\u00bb9%\u00bb custom_margin=\u00bb-15px||5px\u00bb][\/et_pb_divider][et_pb_text disabled_on=\u00bbon|on|off\u00bb _builder_version=\u00bb4.15.1&#8243; text_font=\u00bb||||||||\u00bb text_font_size=\u00bb10px\u00bb text_line_height=\u00bb2.1em\u00bb header_font_size=\u00bb16px\u00bb border_radii=\u00bbon|10px|10px|10px|10px\u00bb border_color_all=\u00bb#011b9b\u00bb border_width_left=\u00bb4px\u00bb box_shadow_style=\u00bbpreset3&#8243; width=\u00bb100%\u00bb max_width=\u00bb100%\u00bb module_alignment=\u00bbright\u00bb custom_margin=\u00bb|||-115px||\u00bb custom_padding=\u00bb|17px|7px|17px|false|false\u00bb] Misi\u00f3n \u00a0 \u00a0 \u00a0 \u00a0 \u00a0 \u00a0 \u00a0El Colegio Privado [&hellip;]<\/p>\n","protected":false},"author":2,"featured_media":0,"parent":0,"menu_order":0,"comment_status":"closed","ping_status":"closed","template":"","meta":{"_et_pb_use_builder":"on","_et_pb_old_content":"","footnotes":""},"class_list":["post-220","page","type-page","status-publish","hentry"],"_links":{"self":[{"href":"https:\/\/colegiokennedy.edu.ar\/inicio\/wp-json\/wp\/v2\/pages\/220","targetHints":{"allow":["GET"]}}],"collection":[{"href":"https:\/\/colegiokennedy.edu.ar\/inicio\/wp-json\/wp\/v2\/pages"}],"about":[{"href":"https:\/\/colegiokennedy.edu.ar\/inicio\/wp-json\/wp\/v2\/types\/page"}],"author":[{"embeddable":true,"href":"https:\/\/colegiokennedy.edu.ar\/inicio\/wp-json\/wp\/v2\/users\/2"}],"replies":[{"embeddable":true,"href":"https:\/\/colegiokennedy.edu.ar\/inicio\/wp-json\/wp\/v2\/comments?post=220"}],"version-history":[{"count":3,"href":"https:\/\/colegiokennedy.edu.ar\/inicio\/wp-json\/wp\/v2\/pages\/220\/revisions"}],"predecessor-version":[{"id":752,"href":"https:\/\/colegiokennedy.edu.ar\/inicio\/wp-json\/wp\/v2\/pages\/220\/revisions\/752"}],"wp:attachment":[{"href":"https:\/\/colegiokennedy.edu.ar\/inicio\/wp-json\/wp\/v2\/media?parent=220"}],"curies":[{"name":"wp","href":"https:\/\/api.w.org\/{rel}","templated":true}]}}