{"id":206,"date":"2022-04-26T14:21:07","date_gmt":"2022-04-26T14:21:07","guid":{"rendered":"http:\/\/colegiokennedy.edu.ar\/main\/?page_id=206"},"modified":"2023-03-16T02:02:17","modified_gmt":"2023-03-16T02:02:17","slug":"nivel-secundario","status":"publish","type":"page","link":"https:\/\/colegiokennedy.edu.ar\/inicio\/nivel-secundario\/","title":{"rendered":"Nivel Secundario"},"content":{"rendered":"<p>[et_pb_section fb_built=\u00bb1&#8243; fullwidth=\u00bbon\u00bb _builder_version=\u00bb3.24.1&#8243; background_image=\u00bbhttp:\/\/colegiokennedy.edu.ar\/wp-content\/uploads\/2023\/03\/foto4-1.jpg\u00bb height=\u00bb440px\u00bb animation_style=\u00bbfade\u00bb][\/et_pb_section][et_pb_section fb_built=\u00bb1&#8243; _builder_version=\u00bb4.16&#8243; use_background_color_gradient=\u00bbon\u00bb background_color_gradient_start=\u00bb#ffffff\u00bb background_color_gradient_end=\u00bbrgba(11,140,226,0.34)\u00bb custom_margin=\u00bb0px||||false|false\u00bb custom_padding=\u00bb0px|||||\u00bb][et_pb_row custom_padding=\u00bb||27px|||\u00bb custom_margin=\u00bb0px||||false|false\u00bb disabled_on=\u00bboff|on|on\u00bb _builder_version=\u00bb4.16&#8243;][et_pb_column type=\u00bb4_4&#8243; _builder_version=\u00bb4.16&#8243;][et_pb_text _builder_version=\u00bb4.16&#8243; text_line_height=\u00bb2.1em\u00bb background_color=\u00bb#FFFFFF\u00bb border_radii=\u00bboff|||7px|7px\u00bb border_color_all=\u00bbRGBA(255,255,255,0)\u00bb border_style_all=\u00bbnone\u00bb box_shadow_style=\u00bbpreset3&#8243; text_orientation=\u00bbcenter\u00bb max_width=\u00bb96%\u00bb custom_margin=\u00bb|||0px|false|false\u00bb custom_padding=\u00bb5px|13px||0px|false|false\u00bb]<\/p>\n<blockquote>\n<p>\u00a0<em><strong>Ense\u00f1ar no es transferir conocimientos<\/strong>, <\/em><\/p>\n<p><em>sino crear las posibilidades<\/em><\/p>\n<p><em> para su propia producci\u00f3n o construcci\u00f3n.<\/em><\/p>\n<p style=\"text-align: right;\"><strong>Paulo Freire<\/strong><\/p>\n<\/blockquote>\n<p style=\"text-align: justify; padding-left: 40px;\">[\/et_pb_text][\/et_pb_column][\/et_pb_row][et_pb_row custom_padding=\u00bb||27px|||\u00bb disabled_on=\u00bbon|off|off\u00bb _builder_version=\u00bb4.16&#8243;][et_pb_column type=\u00bb4_4&#8243; _builder_version=\u00bb4.16&#8243;][et_pb_text _builder_version=\u00bb4.16&#8243; text_line_height=\u00bb2.1em\u00bb background_color=\u00bb#FFFFFF\u00bb border_radii=\u00bboff|||7px|7px\u00bb border_color_all=\u00bbRGBA(255,255,255,0)\u00bb border_style_all=\u00bbnone\u00bb box_shadow_style=\u00bbpreset3&#8243; text_orientation=\u00bbcenter\u00bb max_width=\u00bb96%\u00bb custom_margin=\u00bb|||0px|false|false\u00bb custom_padding=\u00bb0px|13px||0px|false|false\u00bb]<\/p>\n<blockquote>\n<p>\u00a0<em><strong>Ense\u00f1ar no es transferir conocimientos<\/strong>, sino crear las posibilidades para su propia producci\u00f3n o construcci\u00f3n.<\/em><\/p>\n<p style=\"text-align: right;\"><strong>Paulo Freire\u00a0 \u00a0 \u00a0 \u00a0 \u00a0 \u00a0 \u00a0 \u00a0 \u00a0 \u00a0 \u00a0 \u00a0 \u00a0 \u00a0 \u00a0 \u00a0 \u00a0 \u00a0 \u00a0 \u00a0 \u00a0\u00a0<\/strong><\/p>\n<p><em><\/em><\/p>\n<\/blockquote>\n<p style=\"text-align: justify; padding-left: 40px;\">[\/et_pb_text][\/et_pb_column][\/et_pb_row][et_pb_row _builder_version=\u00bb4.16&#8243;][et_pb_column type=\u00bb4_4&#8243; _builder_version=\u00bb4.16&#8243;][et_pb_text _builder_version=\u00bb4.16&#8243; text_text_color=\u00bb#313131&#8243; text_line_height=\u00bb2.1em\u00bb background_color=\u00bb#FFFFFF\u00bb border_radii=\u00bbon|11px|11px|11px|11px\u00bb box_shadow_style=\u00bbpreset1&#8243; custom_margin=\u00bb|7px|6px|5px|false|false\u00bb custom_padding=\u00bb10px|16px|15px|15px|false|false\u00bb]<\/p>\n<p><span style=\"text-align: justify;\">\u00a0 \u00a0 \u00a0 El deporte puede ense\u00f1ar valores como la <\/span><strong style=\"text-align: justify;\">equidad<\/strong><span style=\"text-align: justify;\">, el <strong>trabajo en equipo<\/strong>, la\u00a0<\/span><strong style=\"text-align: justify;\">igualdad<\/strong><span style=\"text-align: justify;\">, la <strong>disciplina<\/strong>, la\u00a0<\/span><strong style=\"text-align: justify;\">inclusi\u00f3n<\/strong><span style=\"text-align: justify;\">, la<strong> perseverancia<\/strong> y el\u00a0<\/span><strong style=\"text-align: justify;\">respeto<\/strong><span style=\"text-align: justify;\">.<\/span><\/p>\n<p style=\"text-align: justify;\">\u00a0 \u00a0 \u00a0 \u00a0El deporte tiene el poder de proporcionar un marco universal para el aprendizaje de valores, contribuyendo as\u00ed al desarrollo de habilidades blandas necesarias para una ciudadan\u00eda responsable.<\/p>\n<p style=\"text-align: justify;\"><strong>Ciclo b\u00e1sico con orientaci\u00f3n deportiva.<\/strong><\/p>\n<p style=\"text-align: justify;\">\u00a0 \u00a0 \u00a0 \u00a0Este ciclo compuesto por las materias establecidas por Resoluci\u00f3n Ministerial N\u00b0 026\/12 de la provincia de Corrientes es complementado con materias deportivas que promueven el desarrollo focalizado en el cuidado de la salud y el medio ambiente.<\/p>\n<p style=\"text-align: justify;\">\n<p>[\/et_pb_text][et_pb_code _builder_version=\u00bb4.16&#8243;][\/et_pb_code][\/et_pb_column][\/et_pb_row][et_pb_row _builder_version=\u00bb4.18.0&#8243;][et_pb_column type=\u00bb3_5&#8243; _builder_version=\u00bb4.18.0&#8243;][et_pb_image src=\u00bbhttp:\/\/colegiokennedy.edu.ar\/wp-content\/uploads\/2023\/03\/educacionfisica-1.png\u00bb _builder_version=\u00bb3.24.1&#8243; border_radii=\u00bbon|20px|20px|20px|20px\u00bb box_shadow_style=\u00bbpreset1&#8243;][\/et_pb_image][et_pb_text _builder_version=\u00bb4.16&#8243; text_text_color=\u00bb#313131&#8243; text_line_height=\u00bb2.1em\u00bb background_color=\u00bb#FFFFFF\u00bb border_radii=\u00bbon|11px|11px|11px|11px\u00bb box_shadow_style=\u00bbpreset1&#8243; min_height=\u00bb505.2px\u00bb custom_margin=\u00bb|7px|6px|5px|false|false\u00bb custom_padding=\u00bb10px|16px|15px|15px|false|false\u00bb]<\/p>\n<p style=\"text-align: justify;\">\u00a0 \u00a0 \u00a0 \u00a0La formaci\u00f3n orientada comprende un conjunto de conocimientos y experiencias que les permiten:<\/p>\n<ul style=\"text-align: justify;\">\n<li>ampliar y profundizar saberes corporales y motrices en \u00e1mbitos variados para obtener una plena disponibilidad corporal y motriz, de modo reflexivo, cr\u00edtico y fundamentado;<\/li>\n<li>fortalecer el v\u00ednculo con los otros e integrarse activamente en los contextos socioculturales en los que habitan;<\/li>\n<li>conocer el campo de la cultura corporal y las formas de actuar en el desarrollo de proyectos de pr\u00e1cticas corporales y motrices para distintos grupos de la comunidad;<\/li>\n<\/ul>\n<p style=\"text-align: justify;\">\u00a0 \u00a0 \u00a0 \u00a0Las pr\u00e1cticas ludomotrices, deportivas, gimn\u00e1sticas, expresivas y las propias de la relaci\u00f3n con distintos ambientes \u2013en particular los naturales\u2013, posibilitan que los estudiantes act\u00faen en contextos de incertidumbre y complejidad, lo que favorece el despliegue de un pensamiento flexible, capaz de atender a variables que presentan frecuentes modificaciones y acrecientan su capacidad de gesti\u00f3n. Esta Orientaci\u00f3n propone formar un sujeto que pueda reconocer sus potencialidades y dificultades y las de su contexto, para poner en pr\u00e1ctica procedimientos de mejora; el esp\u00edritu de colaboraci\u00f3n, de convivencia en medios no habituales; la asunci\u00f3n de roles y la actitud responsable sobre aquello que la tarea asumida implica.<\/p>\n<p style=\"text-align: justify;\">\n<p>[\/et_pb_text][\/et_pb_column][et_pb_column type=\u00bb2_5&#8243; _builder_version=\u00bb4.18.0&#8243;][et_pb_divider _builder_version=\u00bb3.24.1&#8243; color=\u00bbrgba(0,0,0,0)\u00bb][\/et_pb_divider][wdcl_image_carousel slide_count=\u00bb1&#8243; arrow_height=\u00bb0px\u00bb arrow_width=\u00bb0px\u00bb arrow_icon_size=\u00bb0px\u00bb arrow_color=\u00bb#333333&#8243; arrow_bg=\u00bb#dddddd\u00bb arrow_border_color=\u00bb#333333&#8243; _builder_version=\u00bb3.24.1&#8243; box_shadow_style=\u00bbpreset1&#8243; box_shadow_blur=\u00bb38px\u00bb box_shadow_spread=\u00bb-2px\u00bb module_alignment=\u00bbcenter\u00bb][wdcl_image_carousel_child photo=\u00bbhttp:\/\/colegiokennedy.edu.ar\/wp-content\/uploads\/2023\/03\/EF4.jpg\u00bb _builder_version=\u00bb3.24.1&#8243;][\/wdcl_image_carousel_child][wdcl_image_carousel_child photo=\u00bbhttp:\/\/colegiokennedy.edu.ar\/wp-content\/uploads\/2023\/03\/EF2-1.jpg\u00bb _builder_version=\u00bb3.24.1&#8243;][\/wdcl_image_carousel_child][wdcl_image_carousel_child photo=\u00bbhttp:\/\/colegiokennedy.edu.ar\/wp-content\/uploads\/2023\/03\/foto3.jpg\u00bb _builder_version=\u00bb3.24.1&#8243;][\/wdcl_image_carousel_child][wdcl_image_carousel_child photo=\u00bbhttp:\/\/colegiokennedy.edu.ar\/wp-content\/uploads\/2023\/03\/EF1.jpg\u00bb _builder_version=\u00bb3.24.1&#8243;][\/wdcl_image_carousel_child][\/wdcl_image_carousel][\/et_pb_column][\/et_pb_row][et_pb_row _builder_version=\u00bb4.18.0&#8243;][et_pb_column type=\u00bb4_4&#8243; _builder_version=\u00bb4.18.0&#8243;][et_pb_image src=\u00bbhttp:\/\/colegiokennedy.edu.ar\/main\/wp-content\/uploads\/2022\/09\/Bachiller-en-Educacion-Fisica-1.png\u00bb title_text=\u00bbBachiller en Educaci\u00f3n F\u00edsica\u00bb show_in_lightbox=\u00bbon\u00bb align=\u00bbcenter\u00bb _builder_version=\u00bb4.18.0&#8243; width=\u00bb91%\u00bb module_alignment=\u00bbcenter\u00bb][\/et_pb_image][\/et_pb_column][\/et_pb_row][et_pb_row _builder_version=\u00bb4.18.0&#8243;][et_pb_column type=\u00bb3_5&#8243; _builder_version=\u00bb4.18.0&#8243;][et_pb_image src=\u00bbhttp:\/\/colegiokennedy.edu.ar\/main\/wp-content\/uploads\/2022\/04\/economiayadministracion-3.png\u00bb title_text=\u00bbeconomiayadministracion\u00bb align=\u00bbcenter\u00bb _builder_version=\u00bb4.16&#8243; background_color=\u00bbRGBA(255,255,255,0)\u00bb border_radii=\u00bbon|10px|10px|10px|10px\u00bb box_shadow_style=\u00bbpreset1&#8243; width=\u00bb98%\u00bb module_alignment=\u00bbcenter\u00bb custom_margin=\u00bb5px||5px||false|false\u00bb][\/et_pb_image][et_pb_divider show_divider=\u00bboff\u00bb _builder_version=\u00bb4.18.0&#8243;][\/et_pb_divider][et_pb_image src=\u00bbhttp:\/\/colegiokennedy.edu.ar\/wp-content\/uploads\/2023\/03\/economiayadministracion-3.png\u00bb _builder_version=\u00bb3.24.1&#8243; border_radii=\u00bbon|20px|20px|20px|20px\u00bb][\/et_pb_image][et_pb_text _builder_version=\u00bb4.16&#8243; text_text_color=\u00bb#313131&#8243; text_line_height=\u00bb2.1em\u00bb background_color=\u00bb#FFFFFF\u00bb border_radii=\u00bbon|11px|11px|11px|11px\u00bb box_shadow_style=\u00bbpreset1&#8243; custom_margin=\u00bb|7px|6px|5px|false|false\u00bb custom_padding=\u00bb10px|16px|15px|15px|false|false\u00bb]<\/p>\n<p><span style=\"text-align: justify;\">\u00a0 \u00a0 \u00a0 <\/span>\u00a0 \u00a0 Integra\u00a0 sus\u00a0 contenidos\u00a0 en\u00a0 torno\u00a0 a\u00a0 dos\u00a0 ejes:<\/p>\n<p>\u00a0 \u00a0 \u00a0 \u00a0 \u00a0 \u00a0 \u00a0* los\u00a0 procesos\u00a0 econ\u00f3micos;<\/p>\n<p>\u00a0 \u00a0 \u00a0 \u00a0 \u00a0 \u00a0 \u00a0* los\u00a0 procesos\u00a0 organizacionales.<\/p>\n<p style=\"text-align: justify;\">\u00a0 \u00a0 \u00a0 Los\u00a0 contenidos\u00a0 b\u00e1sicos\u00a0 orientados\u00a0 permitir\u00e1n\u00a0 a\u00a0 los\u00a0 alumnos\u00a0 alcanzar\u00a0 un\u00a0 conjunto\u00a0 de\u00a0 saberes\u00a0 que\u00a0 le\u00a0 har\u00e1n\u00a0 comprender\u00a0 la\u00a0 realidad\u00a0 e\u00a0 interpretar\u00a0 los\u00a0 hechos\u00a0 socioecon\u00f3micos\u00a0 que\u00a0 operan\u00a0 en\u00a0 la\u00a0 misma,\u00a0 como\u00a0 tambi\u00e9n\u00a0 la\u00a0 importancia\u00a0 de\u00a0 las\u00a0 organizaciones\u00a0 en\u00a0 el\u00a0 sistema\u00a0 social.\u00a0 Por\u00a0 otra\u00a0 parte\u00a0 el\u00a0 mercado\u00a0 laboral\u00a0 abarca\u00a0 m\u00e1s\u00a0 de\u00a0 un\u00a0 campo\u00a0 ocupacional\u00a0 y\u00a0 capacidades\u00a0 adicionales\u00a0 que\u00a0 configuran\u00a0 nuevos\u00a0 perfiles\u00a0 profesionales.<\/p>\n<p>[\/et_pb_text][\/et_pb_column][et_pb_column type=\u00bb2_5&#8243; _builder_version=\u00bb4.18.0&#8243;][\/et_pb_column][\/et_pb_row][et_pb_row _builder_version=\u00bb4.18.0&#8243;][et_pb_column type=\u00bb4_4&#8243; _builder_version=\u00bb4.18.0&#8243;][et_pb_image src=\u00bbhttp:\/\/colegiokennedy.edu.ar\/main\/wp-content\/uploads\/2022\/09\/Bachiller-en-economia-y-Administracion.png\u00bb title_text=\u00bbBachiller en econom\u00eda y Administraci\u00f3n\u00bb show_in_lightbox=\u00bbon\u00bb align=\u00bbcenter\u00bb _builder_version=\u00bb4.18.0&#8243; width=\u00bb91%\u00bb][\/et_pb_image][\/et_pb_column][\/et_pb_row][et_pb_row _builder_version=\u00bb4.16&#8243;][et_pb_column type=\u00bb4_4&#8243; _builder_version=\u00bb4.16&#8243;][et_pb_button button_url=\u00bbhttps:\/\/colegiokennedy.edu.ar\/main\/contacto\/\u00bb button_text=\u00bbM\u00e1s Informaci\u00f3n\u00bb button_alignment=\u00bbcenter\u00bb _builder_version=\u00bb4.16&#8243; custom_button=\u00bbon\u00bb button_border_width=\u00bb3px\u00bb button_border_radius=\u00bb10px\u00bb button_use_icon=\u00bboff\u00bb][\/et_pb_button][\/et_pb_column][\/et_pb_row][\/et_pb_section]<\/p>\n","protected":false},"excerpt":{"rendered":"<p>[et_pb_section fb_built=\u00bb1&#8243; fullwidth=\u00bbon\u00bb _builder_version=\u00bb3.24.1&#8243; background_image=\u00bbhttp:\/\/colegiokennedy.edu.ar\/wp-content\/uploads\/2023\/03\/foto4-1.jpg\u00bb height=\u00bb440px\u00bb animation_style=\u00bbfade\u00bb][\/et_pb_section][et_pb_section fb_built=\u00bb1&#8243; _builder_version=\u00bb4.16&#8243; use_background_color_gradient=\u00bbon\u00bb background_color_gradient_start=\u00bb#ffffff\u00bb background_color_gradient_end=\u00bbrgba(11,140,226,0.34)\u00bb custom_margin=\u00bb0px||||false|false\u00bb custom_padding=\u00bb0px|||||\u00bb][et_pb_row custom_padding=\u00bb||27px|||\u00bb custom_margin=\u00bb0px||||false|false\u00bb disabled_on=\u00bboff|on|on\u00bb _builder_version=\u00bb4.16&#8243;][et_pb_column type=\u00bb4_4&#8243; _builder_version=\u00bb4.16&#8243;][et_pb_text _builder_version=\u00bb4.16&#8243; text_line_height=\u00bb2.1em\u00bb background_color=\u00bb#FFFFFF\u00bb border_radii=\u00bboff|||7px|7px\u00bb border_color_all=\u00bbRGBA(255,255,255,0)\u00bb border_style_all=\u00bbnone\u00bb box_shadow_style=\u00bbpreset3&#8243; text_orientation=\u00bbcenter\u00bb max_width=\u00bb96%\u00bb custom_margin=\u00bb|||0px|false|false\u00bb custom_padding=\u00bb5px|13px||0px|false|false\u00bb] \u00a0Ense\u00f1ar no es transferir conocimientos, sino crear las posibilidades para su propia producci\u00f3n o construcci\u00f3n. Paulo Freire [\/et_pb_text][\/et_pb_column][\/et_pb_row][et_pb_row custom_padding=\u00bb||27px|||\u00bb disabled_on=\u00bbon|off|off\u00bb _builder_version=\u00bb4.16&#8243;][et_pb_column type=\u00bb4_4&#8243; _builder_version=\u00bb4.16&#8243;][et_pb_text _builder_version=\u00bb4.16&#8243; [&hellip;]<\/p>\n","protected":false},"author":2,"featured_media":0,"parent":0,"menu_order":0,"comment_status":"closed","ping_status":"closed","template":"","meta":{"_et_pb_use_builder":"on","_et_pb_old_content":"","footnotes":""},"class_list":["post-206","page","type-page","status-publish","hentry"],"_links":{"self":[{"href":"https:\/\/colegiokennedy.edu.ar\/inicio\/wp-json\/wp\/v2\/pages\/206","targetHints":{"allow":["GET"]}}],"collection":[{"href":"https:\/\/colegiokennedy.edu.ar\/inicio\/wp-json\/wp\/v2\/pages"}],"about":[{"href":"https:\/\/colegiokennedy.edu.ar\/inicio\/wp-json\/wp\/v2\/types\/page"}],"author":[{"embeddable":true,"href":"https:\/\/colegiokennedy.edu.ar\/inicio\/wp-json\/wp\/v2\/users\/2"}],"replies":[{"embeddable":true,"href":"https:\/\/colegiokennedy.edu.ar\/inicio\/wp-json\/wp\/v2\/comments?post=206"}],"version-history":[{"count":4,"href":"https:\/\/colegiokennedy.edu.ar\/inicio\/wp-json\/wp\/v2\/pages\/206\/revisions"}],"predecessor-version":[{"id":749,"href":"https:\/\/colegiokennedy.edu.ar\/inicio\/wp-json\/wp\/v2\/pages\/206\/revisions\/749"}],"wp:attachment":[{"href":"https:\/\/colegiokennedy.edu.ar\/inicio\/wp-json\/wp\/v2\/media?parent=206"}],"curies":[{"name":"wp","href":"https:\/\/api.w.org\/{rel}","templated":true}]}}