{"id":199,"date":"2022-04-26T13:56:04","date_gmt":"2022-04-26T13:56:04","guid":{"rendered":"http:\/\/colegiokennedy.edu.ar\/main\/?page_id=199"},"modified":"2023-03-16T01:40:03","modified_gmt":"2023-03-16T01:40:03","slug":"primario","status":"publish","type":"page","link":"https:\/\/colegiokennedy.edu.ar\/inicio\/primario\/","title":{"rendered":"Nivel Primario"},"content":{"rendered":"<p>[et_pb_section fb_built=\u00bb1&#8243; fullwidth=\u00bbon\u00bb _builder_version=\u00bb4.16&#8243;][et_pb_fullwidth_image title_text=\u00bbprimario-\u00bb _builder_version=\u00bb4.16&#8243;][\/et_pb_fullwidth_image][\/et_pb_section][et_pb_section fb_built=\u00bb1&#8243; fullwidth=\u00bbon\u00bb _builder_version=\u00bb4.16&#8243;][et_pb_fullwidth_image src=\u00bbhttp:\/\/colegiokennedy.edu.ar\/main\/wp-content\/uploads\/2022\/05\/primario&#8211;scaled.jpg\u00bb title_text=\u00bbprimario-\u00bb _builder_version=\u00bb4.16&#8243;][\/et_pb_fullwidth_image][\/et_pb_section][et_pb_section fb_built=\u00bb1&#8243; fullwidth=\u00bbon\u00bb _builder_version=\u00bb3.24.1&#8243;][et_pb_fullwidth_image src=\u00bbhttp:\/\/colegiokennedy.edu.ar\/wp-content\/uploads\/2023\/03\/primario-scaled-2.jpg\u00bb _builder_version=\u00bb3.24.1&#8243;][\/et_pb_fullwidth_image][\/et_pb_section][et_pb_section fb_built=\u00bb1&#8243; _builder_version=\u00bb3.24.1&#8243;][et_pb_row use_custom_gutter=\u00bbon\u00bb gutter_width=\u00bb4&#8243; custom_padding=\u00bb||27px|||\u00bb disabled_on=\u00bboff|on|on\u00bb _builder_version=\u00bb3.24.1&#8243;][et_pb_column type=\u00bb4_4&#8243; _builder_version=\u00bb4.16&#8243;][et_pb_text _builder_version=\u00bb4.16&#8243; text_line_height=\u00bb2.1em\u00bb border_radii=\u00bboff|||7px|7px\u00bb border_color_all=\u00bbRGBA(255,255,255,0)\u00bb border_style_all=\u00bbnone\u00bb box_shadow_style=\u00bbpreset3&#8243; text_orientation=\u00bbcenter\u00bb max_width=\u00bb96%\u00bb custom_margin=\u00bb||-29px|0px|false|false\u00bb custom_padding=\u00bb|13px||0px|false|false\u00bb]<\/p>\n<blockquote>\n<p><em style=\"font-size: 14px;\">La esencia de la educaci\u00f3n <\/em><\/p>\n<p><em style=\"font-size: 14px;\">es ayudar al ni\u00f1o en su desarrollo <\/em><\/p>\n<p><em style=\"font-size: 14px;\">y ayudarlo a adaptarse <\/em><\/p>\n<p><em style=\"font-size: 14px;\">a cualquier condici\u00f3n <\/em><\/p>\n<p><em style=\"font-size: 14px;\">que el presente lo requiera.<\/em><\/p>\n<p style=\"text-align: right;\">\u00a0<strong><em>Mar\u00eda Montessori<\/em><\/strong><\/p>\n<p><em><\/em><\/p>\n<\/blockquote>\n<p style=\"text-align: justify; padding-left: 40px;\">[\/et_pb_text][\/et_pb_column][\/et_pb_row][et_pb_row custom_padding=\u00bb||0px|||\u00bb disabled_on=\u00bbon|off|off\u00bb _builder_version=\u00bb4.16&#8243;][et_pb_column type=\u00bb4_4&#8243; _builder_version=\u00bb4.16&#8243;][et_pb_text _builder_version=\u00bb4.16&#8243; text_line_height=\u00bb2.1em\u00bb border_radii=\u00bboff|||7px|7px\u00bb border_color_all=\u00bbRGBA(255,255,255,0)\u00bb border_style_all=\u00bbnone\u00bb box_shadow_style=\u00bbpreset3&#8243; text_orientation=\u00bbcenter\u00bb max_width=\u00bb96%\u00bb custom_margin=\u00bb|||0px|false|false\u00bb custom_padding=\u00bb0px|13px||0px|false|false\u00bb]<\/p>\n<blockquote>\n<p><em style=\"font-size: 14px;\">La esencia de la educaci\u00f3n es ayudar al ni\u00f1o en su desarrollo y ayudarlo a adaptarse a cualquier condici\u00f3n que el presente lo requiera.<\/em><\/p>\n<p style=\"text-align: right;\"><strong style=\"font-size: 14px; text-align: right;\"><em>Mar\u00eda Montessori<\/em><\/strong><\/p>\n<p><em><\/em><\/p>\n<\/blockquote>\n<p style=\"text-align: justify; padding-left: 40px;\">[\/et_pb_text][\/et_pb_column][\/et_pb_row][et_pb_row _builder_version=\u00bb4.17.6&#8243;][et_pb_column type=\u00bb3_5&#8243; _builder_version=\u00bb4.17.6&#8243;][et_pb_text _builder_version=\u00bb4.17.6&#8243; text_text_color=\u00bb#313131&#8243; text_line_height=\u00bb2.4em\u00bb border_radii=\u00bbon|11px|11px|11px|11px\u00bb box_shadow_style=\u00bbpreset1&#8243; module_alignment=\u00bbcenter\u00bb custom_margin=\u00bb|7px|6px|5px|false|false\u00bb custom_padding=\u00bb10px|16px|15px|15px|false|false\u00bb]<\/p>\n<p style=\"text-align: justify;\">\u00a0 \u00a0Desde el primer grado de la escuela primaria ofrecemos una propuesta con orientaci\u00f3n deportiva, innovadora en la Provincia de Corrientes, incluyendo otras unidades curriculares del campo disciplinar de la educaci\u00f3n f\u00edsica, que pretende promover cambios profundos en los h\u00e1bitos de vida de nuestros ni\u00f1os y futuros j\u00f3venes, a trav\u00e9s del juego, el deporte, el fortalecimiento de las trayectorias escolares de todas las \u00e1reas educativas y as\u00ed puedan desarrollar competencias cognitivas y emocionales que contribuyan con su educaci\u00f3n integral.<\/p>\n<p>[\/et_pb_text][et_pb_divider show_divider=\u00bboff\u00bb _builder_version=\u00bb4.17.6&#8243; width=\u00bb28%\u00bb][\/et_pb_divider][\/et_pb_column][et_pb_column type=\u00bb2_5&#8243; _builder_version=\u00bb4.17.6&#8243;][wdcl_image_carousel slide_count=\u00bb1&#8243; is_fade=\u00bbon\u00bb arrow_height=\u00bb0px\u00bb arrow_width=\u00bb0px\u00bb arrow_icon_size=\u00bb0px\u00bb arrow_color=\u00bbRGBA(255,255,255,0)\u00bb arrow_bg=\u00bbRGBA(255,255,255,0)\u00bb arrow_pos_y=\u00bb0%\u00bb arrow_pos_x=\u00bb0px\u00bb arrow_border_width=\u00bb17px\u00bb arrow_border_color=\u00bbRGBA(255,255,255,0)\u00bb pagi_color=\u00bbRGBA(255,255,255,0)\u00bb pagi_height=\u00bb1px\u00bb pagi_width=\u00bb1px\u00bb pagi_radius=\u00bbon||||\u00bb _builder_version=\u00bb3.24.1&#8243; box_shadow_style=\u00bbpreset1&#8243; box_shadow_color=\u00bb#707070&#8243; module_alignment=\u00bbcenter\u00bb min_height_last_edited=\u00bbon|phone\u00bb max_height_last_edited=\u00bbon|phone\u00bb hover_transition_delay=\u00bb100ms\u00bb][wdcl_image_carousel_child photo=\u00bbhttp:\/\/colegiokennedy.edu.ar\/wp-content\/uploads\/2023\/03\/fotos-slider02.jpg\u00bb _builder_version=\u00bb3.24.1&#8243; hover_enabled=\u00bb0&#8243;][\/wdcl_image_carousel_child][wdcl_image_carousel_child photo=\u00bbhttp:\/\/colegiokennedy.edu.ar\/wp-content\/uploads\/2023\/03\/fotos-slider.jpg\u00bb _builder_version=\u00bb3.24.1&#8243; hover_enabled=\u00bb0&#8243;][\/wdcl_image_carousel_child][wdcl_image_carousel_child photo=\u00bbhttp:\/\/colegiokennedy.edu.ar\/wp-content\/uploads\/2023\/03\/fotos-slider05.jpg\u00bb _builder_version=\u00bb3.24.1&#8243; hover_enabled=\u00bb0&#8243;][\/wdcl_image_carousel_child][\/wdcl_image_carousel][\/et_pb_column][\/et_pb_row][et_pb_row _builder_version=\u00bb4.16&#8243;][et_pb_column type=\u00bb4_4&#8243; _builder_version=\u00bb4.16&#8243;][et_pb_button button_url=\u00bbhttps:\/\/colegiokennedy.edu.ar\/main\/contacto\/\u00bb button_text=\u00bbM\u00e1s Informaci\u00f3n\u00bb button_alignment=\u00bbcenter\u00bb _builder_version=\u00bb4.16&#8243; custom_button=\u00bbon\u00bb button_border_width=\u00bb3px\u00bb button_border_radius=\u00bb10px\u00bb button_use_icon=\u00bboff\u00bb][\/et_pb_button][\/et_pb_column][\/et_pb_row][\/et_pb_section]<\/p>\n","protected":false},"excerpt":{"rendered":"<p>[et_pb_section fb_built=\u00bb1&#8243; fullwidth=\u00bbon\u00bb _builder_version=\u00bb4.16&#8243;][et_pb_fullwidth_image title_text=\u00bbprimario-\u00bb _builder_version=\u00bb4.16&#8243;][\/et_pb_fullwidth_image][\/et_pb_section][et_pb_section fb_built=\u00bb1&#8243; fullwidth=\u00bbon\u00bb _builder_version=\u00bb4.16&#8243;][et_pb_fullwidth_image src=\u00bbhttp:\/\/colegiokennedy.edu.ar\/main\/wp-content\/uploads\/2022\/05\/primario&#8211;scaled.jpg\u00bb title_text=\u00bbprimario-\u00bb _builder_version=\u00bb4.16&#8243;][\/et_pb_fullwidth_image][\/et_pb_section][et_pb_section fb_built=\u00bb1&#8243; fullwidth=\u00bbon\u00bb _builder_version=\u00bb3.24.1&#8243;][et_pb_fullwidth_image src=\u00bbhttp:\/\/colegiokennedy.edu.ar\/wp-content\/uploads\/2023\/03\/primario-scaled-2.jpg\u00bb _builder_version=\u00bb3.24.1&#8243;][\/et_pb_fullwidth_image][\/et_pb_section][et_pb_section fb_built=\u00bb1&#8243; _builder_version=\u00bb3.24.1&#8243;][et_pb_row use_custom_gutter=\u00bbon\u00bb gutter_width=\u00bb4&#8243; custom_padding=\u00bb||27px|||\u00bb disabled_on=\u00bboff|on|on\u00bb _builder_version=\u00bb3.24.1&#8243;][et_pb_column type=\u00bb4_4&#8243; _builder_version=\u00bb4.16&#8243;][et_pb_text _builder_version=\u00bb4.16&#8243; text_line_height=\u00bb2.1em\u00bb border_radii=\u00bboff|||7px|7px\u00bb border_color_all=\u00bbRGBA(255,255,255,0)\u00bb border_style_all=\u00bbnone\u00bb box_shadow_style=\u00bbpreset3&#8243; text_orientation=\u00bbcenter\u00bb max_width=\u00bb96%\u00bb custom_margin=\u00bb||-29px|0px|false|false\u00bb custom_padding=\u00bb|13px||0px|false|false\u00bb] La esencia de la educaci\u00f3n es ayudar al ni\u00f1o en su desarrollo y ayudarlo a adaptarse a cualquier condici\u00f3n [&hellip;]<\/p>\n","protected":false},"author":2,"featured_media":0,"parent":0,"menu_order":0,"comment_status":"closed","ping_status":"closed","template":"","meta":{"_et_pb_use_builder":"on","_et_pb_old_content":"","footnotes":""},"class_list":["post-199","page","type-page","status-publish","hentry"],"_links":{"self":[{"href":"https:\/\/colegiokennedy.edu.ar\/inicio\/wp-json\/wp\/v2\/pages\/199","targetHints":{"allow":["GET"]}}],"collection":[{"href":"https:\/\/colegiokennedy.edu.ar\/inicio\/wp-json\/wp\/v2\/pages"}],"about":[{"href":"https:\/\/colegiokennedy.edu.ar\/inicio\/wp-json\/wp\/v2\/types\/page"}],"author":[{"embeddable":true,"href":"https:\/\/colegiokennedy.edu.ar\/inicio\/wp-json\/wp\/v2\/users\/2"}],"replies":[{"embeddable":true,"href":"https:\/\/colegiokennedy.edu.ar\/inicio\/wp-json\/wp\/v2\/comments?post=199"}],"version-history":[{"count":3,"href":"https:\/\/colegiokennedy.edu.ar\/inicio\/wp-json\/wp\/v2\/pages\/199\/revisions"}],"predecessor-version":[{"id":740,"href":"https:\/\/colegiokennedy.edu.ar\/inicio\/wp-json\/wp\/v2\/pages\/199\/revisions\/740"}],"wp:attachment":[{"href":"https:\/\/colegiokennedy.edu.ar\/inicio\/wp-json\/wp\/v2\/media?parent=199"}],"curies":[{"name":"wp","href":"https:\/\/api.w.org\/{rel}","templated":true}]}}