{"id":188,"date":"2022-04-26T13:24:50","date_gmt":"2022-04-26T13:24:50","guid":{"rendered":"http:\/\/colegiokennedy.edu.ar\/main\/?page_id=188"},"modified":"2023-03-16T12:27:17","modified_gmt":"2023-03-16T12:27:17","slug":"inicial","status":"publish","type":"page","link":"https:\/\/colegiokennedy.edu.ar\/inicio\/inicial\/","title":{"rendered":"Nivel Inicial"},"content":{"rendered":"<p>[et_pb_section fb_built=\u00bb1&#8243; disabled_on=\u00bboff|off|on\u00bb _builder_version=\u00bb3.24.1&#8243; use_background_color_gradient=\u00bbon\u00bb background_color_gradient_start=\u00bb#afc5d8&#8243; background_color_gradient_end=\u00bb#ffffff\u00bb background_image=\u00bbhttp:\/\/colegiokennedy.edu.ar\/wp-content\/uploads\/2023\/03\/inicial.jpg\u00bb background_position=\u00bbcenter_left\u00bb height=\u00bb389px\u00bb custom_margin=\u00bb0px||0px||false|false\u00bb background_last_edited=\u00bbon|phone\u00bb background_image_phone=\u00bbhttp:\/\/colegiokennedy.edu.ar\/wp-content\/uploads\/2023\/03\/fondo2-1-e1651193890583.png\u00bb background_enable_image_phone=\u00bbon\u00bb][et_pb_row custom_padding=\u00bb0px|18px|10px||false|false\u00bb custom_margin=\u00bb0px||6px|223px|false|false\u00bb disabled_on=\u00bboff|on|on\u00bb _builder_version=\u00bb3.24.1&#8243; width=\u00bb45.9%\u00bb min_height=\u00bb183.6px\u00bb][et_pb_column type=\u00bb1_2&#8243; _builder_version=\u00bb4.16&#8243;][et_pb_image src=\u00bbhttp:\/\/colegiokennedy.edu.ar\/main\/wp-content\/uploads\/2022\/04\/Jirafa-Nivel-Inicial-590&#215;1024.png\u00bb _builder_version=\u00bb4.16&#8243; height=\u00bb180px\u00bb custom_margin=\u00bb0px||0px||false|false\u00bb custom_padding=\u00bb0px||0px||false|false\u00bb][\/et_pb_image][\/et_pb_column][et_pb_column type=\u00bb1_2&#8243; _builder_version=\u00bb4.16&#8243;][et_pb_text _builder_version=\u00bb3.24.1&#8243; text_font=\u00bb||||||||\u00bb text_font_size=\u00bb12px\u00bb text_line_height=\u00bb2.1em\u00bb background_color=\u00bb#FFFFFF\u00bb border_radii=\u00bboff|||7px|7px\u00bb border_color_all=\u00bbRGBA(255,255,255,0)\u00bb border_style_all=\u00bbnone\u00bb box_shadow_style=\u00bbpreset3&#8243; text_orientation=\u00bbcenter\u00bb max_width=\u00bb96%\u00bb custom_margin=\u00bb|||0px|false|false\u00bb custom_padding=\u00bb|10px||0px|false|false\u00bb]<\/p>\n<blockquote>\n<p><em>Los ni\u00f1os en nuestra escuela <\/em><\/p>\n<p><em>no hacen lo que quieren <\/em><\/p>\n<p><em>sino que quieren lo que hacen.<\/em><\/p>\n<p style=\"text-align: right;\">\u00a0<strong><em>Mar\u00eda Montessori<\/em><\/strong><\/p>\n<p><em><\/em><\/p>\n<\/blockquote>\n<p style=\"text-align: justify; padding-left: 40px;\">[\/et_pb_text][\/et_pb_column][\/et_pb_row][\/et_pb_section][et_pb_section fb_built=\u00bb1&#8243; disabled_on=\u00bbon|off|off\u00bb _builder_version=\u00bb3.24.1&#8243; use_background_color_gradient=\u00bbon\u00bb background_color_gradient_start=\u00bb#ffffff\u00bb background_image=\u00bbhttp:\/\/colegiokennedy.edu.ar\/wp-content\/uploads\/2023\/03\/inicial.jpg\u00bb min_height=\u00bb392px\u00bb custom_margin=\u00bb0px||0px||false|false\u00bb][et_pb_row custom_padding=\u00bb||27px|||\u00bb custom_margin=\u00bb0px||0px||false|false\u00bb disabled_on=\u00bbon|off|off\u00bb _builder_version=\u00bb4.17.4&#8243;][et_pb_column type=\u00bb2_5&#8243; _builder_version=\u00bb4.16&#8243;][\/et_pb_column][et_pb_column type=\u00bb3_5&#8243; _builder_version=\u00bb4.16&#8243;][et_pb_text _builder_version=\u00bb4.17.4&#8243; text_line_height=\u00bb2.1em\u00bb background_color=\u00bbrgba(255,255,255,0.72)\u00bb use_background_color_gradient=\u00bbon\u00bb background_color_gradient_start=\u00bbrgba(255,255,255,0)\u00bb background_color_gradient_end=\u00bbrgba(229,229,229,0.5)\u00bb border_radii=\u00bboff|||7px|7px\u00bb border_color_all=\u00bbRGBA(255,255,255,0)\u00bb border_style_all=\u00bbnone\u00bb box_shadow_style=\u00bbpreset3&#8243; text_orientation=\u00bbcenter\u00bb max_width=\u00bb100%\u00bb height=\u00bb100px\u00bb custom_margin=\u00bb|||0px|false|false\u00bb custom_padding=\u00bb|13px||0px|false|false\u00bb]<\/p>\n<blockquote>\n<p><em>Los ni\u00f1os en nuestra escuela <\/em><em style=\"font-size: 14px;\">no hacen lo que quieren <\/em><em style=\"font-size: 14px;\">sino que quieren lo que hacen.<\/em><\/p>\n<p style=\"padding-left: 400px;\"><span style=\"font-size: 14px; text-align: right;\">\u00a0<\/span><strong style=\"font-size: 14px; text-align: right;\"><em>Mar\u00eda Montessori<\/em><\/strong><\/p>\n<p><em><\/em><\/p>\n<\/blockquote>\n<p style=\"text-align: justify; padding-left: 40px;\">[\/et_pb_text][\/et_pb_column][\/et_pb_row][\/et_pb_section][et_pb_section fb_built=\u00bb1&#8243; _builder_version=\u00bb4.16&#8243; use_background_color_gradient=\u00bbon\u00bb background_color_gradient_start=\u00bb#ffffff\u00bb background_color_gradient_end=\u00bbrgba(2,160,239,0.21)\u00bb][et_pb_row custom_margin=\u00bb0px||||false|false\u00bb _builder_version=\u00bb4.16&#8243;][et_pb_column type=\u00bb3_5&#8243; _builder_version=\u00bb4.16&#8243;][et_pb_text _builder_version=\u00bb4.16&#8243; text_text_color=\u00bb#313131&#8243; text_line_height=\u00bb2.4em\u00bb border_radii=\u00bbon|11px|11px|11px|11px\u00bb box_shadow_style=\u00bbpreset1&#8243; custom_margin=\u00bb|7px|6px|5px|false|false\u00bb custom_padding=\u00bb10px|16px|15px|15px|false|false\u00bb]<\/p>\n<p style=\"text-align: justify;\">\u00a0 \u00a0 \u00a0 El nivel inicial tiene por objetivo educar con amor en un ambiente familiar y tranquilo, donde nuestros alumnos aprendan a trabajar con confianza y respeto en sus propias posibilidades, que les permita adquirir las bases s\u00f3lidas para que desde muy peque\u00f1os puedan ir transform\u00e1ndose en una persona creativa y segura.<\/p>\n<p style=\"text-align: justify;\">\u00a0 \u00a0Es por ese motivo que nuestra gesti\u00f3n posee un proyecto educativo intencional y sistem\u00e1tico favoreciendo la correcta secuenciaci\u00f3n de aprendizajes significativos y funcionales, utilizando estrategias pedag\u00f3gicas que propicien el desarrollo de sus habilidades cognitivas, motrices, emocionales y adquieran la autonom\u00eda propias y determinantes en esta etapa que es \u00fanica e irrepetible, para el desarrollo integral del ni\u00f1o.<\/p>\n<p>[\/et_pb_text][\/et_pb_column][et_pb_column type=\u00bb2_5&#8243; _builder_version=\u00bb4.16&#8243;][et_pb_text _builder_version=\u00bb4.17.6&#8243; custom_padding=\u00bb||0px|||\u00bb][\/et_pb_text][wdcl_image_carousel slide_count=\u00bb1&#8243; arrow_height=\u00bb0px\u00bb arrow_width=\u00bb0px\u00bb arrow_icon_size=\u00bb0px\u00bb pagi_color=\u00bbRGBA(255,255,255,0)\u00bb pagi_height=\u00bb0px\u00bb pagi_width=\u00bb0px\u00bb _builder_version=\u00bb3.24.1&#8243; background_color=\u00bb#E5E5E5&#8243; background_image=\u00bbhttp:\/\/colegiokennedy.edu.ar\/wp-content\/uploads\/2023\/03\/fotos-slider03.jpg\u00bb box_shadow_style=\u00bbpreset1&#8243; box_shadow_color=\u00bb#707070&#8243; height=\u00bb313px\u00bb][wdcl_image_carousel_child photo=\u00bbhttp:\/\/colegiokennedy.edu.ar\/wp-content\/uploads\/2023\/03\/fotos-slider04.jpg\u00bb image_height=\u00bb321px\u00bb _builder_version=\u00bb3.24.1&#8243; background_image=\u00bbhttp:\/\/colegiokennedy.edu.ar\/wp-content\/uploads\/2023\/03\/fotos-slider04.jpg\u00bb hover_enabled=\u00bb0&#8243;][\/wdcl_image_carousel_child][wdcl_image_carousel_child photo=\u00bbhttp:\/\/colegiokennedy.edu.ar\/main\/wp-content\/uploads\/2022\/08\/inicial6.jpg\u00bb _builder_version=\u00bb3.24.1&#8243; background_image=\u00bbhttp:\/\/colegiokennedy.edu.ar\/wp-content\/uploads\/2023\/03\/fotos-slider04.jpg\u00bb hover_enabled=\u00bb0&#8243;][\/wdcl_image_carousel_child][wdcl_image_carousel_child photo=\u00bbhttp:\/\/colegiokennedy.edu.ar\/main\/wp-content\/uploads\/2022\/08\/inicial8.jpg\u00bb _builder_version=\u00bb4.17.6&#8243; hover_enabled=\u00bb0&#8243;][\/wdcl_image_carousel_child][wdcl_image_carousel_child photo=\u00bbhttp:\/\/colegiokennedy.edu.ar\/main\/wp-content\/uploads\/2022\/08\/inicial4.jpg\u00bb _builder_version=\u00bb4.17.6&#8243; hover_enabled=\u00bb0&#8243;][\/wdcl_image_carousel_child][wdcl_image_carousel_child photo=\u00bbhttp:\/\/colegiokennedy.edu.ar\/main\/wp-content\/uploads\/2022\/08\/inicial9.jpg\u00bb _builder_version=\u00bb4.17.6&#8243; hover_enabled=\u00bb0&#8243;][\/wdcl_image_carousel_child][wdcl_image_carousel_child photo=\u00bbhttp:\/\/colegiokennedy.edu.ar\/main\/wp-content\/uploads\/2022\/08\/inicial3.jpg\u00bb _builder_version=\u00bb4.17.6&#8243; hover_enabled=\u00bb0&#8243;][\/wdcl_image_carousel_child][wdcl_image_carousel_child photo=\u00bbhttp:\/\/colegiokennedy.edu.ar\/main\/wp-content\/uploads\/2022\/08\/inicial7.jpg\u00bb _builder_version=\u00bb4.17.6&#8243; hover_enabled=\u00bb0&#8243;][\/wdcl_image_carousel_child][\/wdcl_image_carousel][\/et_pb_column][\/et_pb_row][et_pb_row _builder_version=\u00bb4.16&#8243;][et_pb_column type=\u00bb4_4&#8243; _builder_version=\u00bb4.16&#8243;][et_pb_button button_url=\u00bbhttps:\/\/colegiokennedy.edu.ar\/main\/contacto\/\u00bb button_text=\u00bbM\u00e1s Informaci\u00f3n\u00bb button_alignment=\u00bbcenter\u00bb _builder_version=\u00bb4.16&#8243; custom_button=\u00bbon\u00bb button_border_width=\u00bb3px\u00bb button_border_radius=\u00bb10px\u00bb button_use_icon=\u00bboff\u00bb][\/et_pb_button][\/et_pb_column][\/et_pb_row][\/et_pb_section]<\/p>\n","protected":false},"excerpt":{"rendered":"<p>[et_pb_section fb_built=\u00bb1&#8243; disabled_on=\u00bboff|off|on\u00bb _builder_version=\u00bb3.24.1&#8243; use_background_color_gradient=\u00bbon\u00bb background_color_gradient_start=\u00bb#afc5d8&#8243; background_color_gradient_end=\u00bb#ffffff\u00bb background_image=\u00bbhttp:\/\/colegiokennedy.edu.ar\/wp-content\/uploads\/2023\/03\/inicial.jpg\u00bb background_position=\u00bbcenter_left\u00bb height=\u00bb389px\u00bb custom_margin=\u00bb0px||0px||false|false\u00bb background_last_edited=\u00bbon|phone\u00bb background_image_phone=\u00bbhttp:\/\/colegiokennedy.edu.ar\/wp-content\/uploads\/2023\/03\/fondo2-1-e1651193890583.png\u00bb background_enable_image_phone=\u00bbon\u00bb][et_pb_row custom_padding=\u00bb0px|18px|10px||false|false\u00bb custom_margin=\u00bb0px||6px|223px|false|false\u00bb disabled_on=\u00bboff|on|on\u00bb _builder_version=\u00bb3.24.1&#8243; width=\u00bb45.9%\u00bb min_height=\u00bb183.6px\u00bb][et_pb_column type=\u00bb1_2&#8243; _builder_version=\u00bb4.16&#8243;][et_pb_image src=\u00bbhttp:\/\/colegiokennedy.edu.ar\/main\/wp-content\/uploads\/2022\/04\/Jirafa-Nivel-Inicial-590&#215;1024.png\u00bb _builder_version=\u00bb4.16&#8243; height=\u00bb180px\u00bb custom_margin=\u00bb0px||0px||false|false\u00bb custom_padding=\u00bb0px||0px||false|false\u00bb][\/et_pb_image][\/et_pb_column][et_pb_column type=\u00bb1_2&#8243; _builder_version=\u00bb4.16&#8243;][et_pb_text _builder_version=\u00bb3.24.1&#8243; text_font=\u00bb||||||||\u00bb text_font_size=\u00bb12px\u00bb text_line_height=\u00bb2.1em\u00bb background_color=\u00bb#FFFFFF\u00bb border_radii=\u00bboff|||7px|7px\u00bb border_color_all=\u00bbRGBA(255,255,255,0)\u00bb border_style_all=\u00bbnone\u00bb box_shadow_style=\u00bbpreset3&#8243; text_orientation=\u00bbcenter\u00bb max_width=\u00bb96%\u00bb custom_margin=\u00bb|||0px|false|false\u00bb custom_padding=\u00bb|10px||0px|false|false\u00bb] Los ni\u00f1os en nuestra escuela no hacen lo que quieren sino que quieren [&hellip;]<\/p>\n","protected":false},"author":2,"featured_media":0,"parent":0,"menu_order":0,"comment_status":"closed","ping_status":"closed","template":"","meta":{"_et_pb_use_builder":"on","_et_pb_old_content":"","footnotes":""},"class_list":["post-188","page","type-page","status-publish","hentry"],"_links":{"self":[{"href":"https:\/\/colegiokennedy.edu.ar\/inicio\/wp-json\/wp\/v2\/pages\/188","targetHints":{"allow":["GET"]}}],"collection":[{"href":"https:\/\/colegiokennedy.edu.ar\/inicio\/wp-json\/wp\/v2\/pages"}],"about":[{"href":"https:\/\/colegiokennedy.edu.ar\/inicio\/wp-json\/wp\/v2\/types\/page"}],"author":[{"embeddable":true,"href":"https:\/\/colegiokennedy.edu.ar\/inicio\/wp-json\/wp\/v2\/users\/2"}],"replies":[{"embeddable":true,"href":"https:\/\/colegiokennedy.edu.ar\/inicio\/wp-json\/wp\/v2\/comments?post=188"}],"version-history":[{"count":15,"href":"https:\/\/colegiokennedy.edu.ar\/inicio\/wp-json\/wp\/v2\/pages\/188\/revisions"}],"predecessor-version":[{"id":783,"href":"https:\/\/colegiokennedy.edu.ar\/inicio\/wp-json\/wp\/v2\/pages\/188\/revisions\/783"}],"wp:attachment":[{"href":"https:\/\/colegiokennedy.edu.ar\/inicio\/wp-json\/wp\/v2\/media?parent=188"}],"curies":[{"name":"wp","href":"https:\/\/api.w.org\/{rel}","templated":true}]}}